{"id":8,"date":"2023-03-28T12:20:28","date_gmt":"2023-03-28T10:20:28","guid":{"rendered":"https:\/\/www.mzaconsulting.sk\/?page_id=8"},"modified":"2024-03-30T13:17:14","modified_gmt":"2024-03-30T12:17:14","slug":"mzaconsulting","status":"publish","type":"page","link":"https:\/\/www.mzaconsulting.sk\/","title":{"rendered":"mzaconsulting"},"content":{"rendered":"\n\t<section class=\"section is-full-height\" id=\"section_718078340\">\n\t\t<div class=\"bg section-bg fill bg-fill  \" >\n\n\t\t\t\n\t\t\t\n\t\t\t\n\n\t\t<\/div>\n\n\t\t\n\n\t\t<div class=\"section-content relative\">\n\t\t\t\n\n<div class=\"row row-full-width\"  id=\"row-312653645\">\n\n\n\t<div id=\"col-1827088318\" class=\"col left-panel medium-5 large-5\"  >\n\t\t\t\t<div class=\"col-inner\"  >\n\t\t\t\n\t\t\t\n\n\n\nMZA Consulting, s.r.o.\n\n<a data-animate=\"bounceInUp\" href=\"#about-us\" target=\"_self\" class=\"button primary is-larger expand\"  style=\"border-radius:99px;\">\n    <span>Zistite viac<\/span>\n  <i class=\"icon-angle-down\" aria-hidden=\"true\" ><\/i><\/a>\n\n\n\n\t\t<\/div>\n\t\t\t\t\n<style>\n#col-1827088318 > .col-inner {\n  padding: 10% 0px 0px 20px;\n}\n<\/style>\n\t<\/div>\n\n\t\n\n\t<div id=\"col-841316823\" class=\"col about-us medium-5 large-5\"  >\n\t\t\t\t<div class=\"col-inner\"  >\n\t\t\t\n\t\t\t\n\n\t<div id=\"text-1037188746\" class=\"text\">\n\t\t\n\n<h2><strong>O n\u00e1s<\/strong><\/h2>\n\t\t\n<style>\n#text-1037188746 {\n  font-size: 1.95rem;\n  line-height: 1;\n  text-align: left;\n  color: rgb(255, 255, 255);\n}\n#text-1037188746 > * {\n  color: rgb(255, 255, 255);\n}\n<\/style>\n\t<\/div>\n\t\n\t<div id=\"text-1062456965\" class=\"text\">\n\t\t\n\n<p class=\"p1\"><strong>Spolo\u010dnos\u0165 sa \u0161pecializuje na ekonomick\u00e9 a&nbsp;podnikate\u013esk\u00e9 poradenstvo so zameran\u00edm na optimaliz\u00e1ciu intern\u00fdch procesov, zamestnaneck\u00fdch vz\u0165ahov a&nbsp;intern\u00fdch dokumentov. Od roku 2016 poskytuje odborn\u00e9 podnikate\u013esk\u00e9 poradenstvo v&nbsp;oblasti lesn\u00edctva, po\u013eovn\u00edctva, energetiky a&nbsp;stavebn\u00edctva.<\/strong><\/p>\n\t\t\n<style>\n#text-1062456965 {\n  font-size: 2.6rem;\n  color: rgb(255, 255, 255);\n}\n#text-1062456965 > * {\n  color: rgb(255, 255, 255);\n}\n<\/style>\n\t<\/div>\n\t\n\n\t\t<\/div>\n\t\t\t\t\n<style>\n#col-841316823 > .col-inner {\n  padding: 50px 10% 10% 10%;\n  margin: 0px 0px 0px 0px;\n}\n<\/style>\n\t<\/div>\n\n\t\n\n<\/div>\n\n\t\t<\/div>\n\n\t\t\n<style>\n#section_718078340 {\n  padding-top: 0px;\n  padding-bottom: 0px;\n  min-height: 300px;\n}\n#section_718078340 .section-bg.bg-loaded {\n  background-image: url(https:\/\/www.mzaconsulting.sk\/wp-content\/uploads\/2023\/04\/consulting_bg.jpg);\n}\n#section_718078340 .section-bg {\n  background-position: 53% 43%;\n}\n#section_718078340 .ux-shape-divider--top svg {\n  height: 150px;\n  --divider-top-width: 100%;\n}\n#section_718078340 .ux-shape-divider--bottom svg {\n  height: 150px;\n  --divider-width: 100%;\n}\n@media (min-width:550px) {\n  #section_718078340 {\n    min-height: 400px;\n  }\n}\n@media (min-width:850px) {\n  #section_718078340 {\n    min-height: 100vh;\n  }\n}\n<\/style>\n\t<\/section>\n\t\n\t<div id=\"gap-1262133041\" class=\"gap-element clearfix\" style=\"display:block; height:auto;\">\n\t\t\n<style>\n#gap-1262133041 {\n  padding-top: 100px;\n}\n<\/style>\n\t<\/div>\n\t\n\n\t<section class=\"section is-full-height\" id=\"section_348047683\">\n\t\t<div class=\"bg section-bg fill bg-fill  bg-loaded\" >\n\n\t\t\t\n\t\t\t\n\t\t\t\n\n\t\t<\/div>\n\n\t\t\n\n\t\t<div class=\"section-content relative\">\n\t\t\t\n\n<span class=\"scroll-to\" data-label=\"Scroll to: #about-us\" data-bullet=\"false\" data-link=\"#about-us\" data-title=\"Change this\"><a name=\"about-us\"><\/a><\/span>\n\n<div class=\"row row-full-width align-center\"  id=\"row-1425440058\">\n\n\n\t<div id=\"col-683814091\" class=\"col medium-12 small-12 large-5\"  >\n\t\t\t\t<div class=\"col-inner\" style=\"background-color:rgb(244, 244, 244);\" >\n\t\t\t\n\t<div class=\"is-border\"\n\t\tstyle=\"border-color:rgb(55, 169, 24);border-width:10px 0px 0px 0px;\">\n\t<\/div>\n\t\t\t\n\n\t<div id=\"text-181969786\" class=\"text\">\n\t\t\n\n<h3><strong>Na\u0161e slu\u017eby<\/strong><\/h3>\n\t\t\n<style>\n#text-181969786 {\n  font-size: 2rem;\n}\n<\/style>\n\t<\/div>\n\t\n\t<div id=\"text-1833584201\" class=\"text\">\n\t\t\n\n<ul>\n<li class=\"bullet-checkmark\">\n<p class=\"p1\">Optimaliz\u00e1cia intern\u00fdch procesov spolo\u010dnost\u00ed p\u00f4sobiacich v oblasti lesn\u00edctva, po\u013eovn\u00edctva, ryb\u00e1rstva, energetiky a stavebn\u00edctva<\/p>\n<\/li>\n<li class=\"bullet-checkmark\">\n<p class=\"p1\">Poskytujeme poradenstvo a&nbsp;konzult\u00e1cie prostredn\u00edctvom osobn\u00fdch stretnut\u00ed, pr\u00edpadne elektronickou formou cez komunika\u010dn\u00e9 aplik\u00e1cie<\/p>\n<\/li>\n<li class=\"bullet-checkmark\">\n<p class=\"p1\">Rie\u0161enia, ktor\u00e9 pon\u00fakame flexibilne 24 hod\u00edn sedem dn\u00ed v&nbsp;t\u00fd\u017edni zabezpe\u010dia optim\u00e1lne fungovanie intern\u00fdch procesov a&nbsp;v&nbsp;kone\u010dnom d\u00f4sledku zabezpe\u010duj\u00fa lep\u0161iu ekonomick\u00fa v\u00fdkonnos\u0165 Va\u0161ej spolo\u010dnosti<\/p>\n<\/li>\n<\/ul>\n\t\t\n<style>\n#text-1833584201 {\n  font-size: 1rem;\n}\n<\/style>\n\t<\/div>\n\t\n\n\t\t<\/div>\n\t\t\t\t\n<style>\n#col-683814091 > .col-inner {\n  padding: 15% 10% 5% 10%;\n  margin: 0 0px 0px 0px;\n}\n@media (min-width:550px) {\n  #col-683814091 > .col-inner {\n    padding: 10% 10% 8% 10%;\n  }\n}\n@media (min-width:850px) {\n  #col-683814091 > .col-inner {\n    padding: 2rem 2rem 2rem 2rem;\n    margin: 0px 0px 0px 0px;\n  }\n}\n<\/style>\n\t<\/div>\n\n\t\n\n\t<div id=\"col-1740957583\" class=\"col medium-12 small-12 large-7\"  >\n\t\t\t\t<div class=\"col-inner\"  >\n\t\t\t\n\t\t\t\n\n<h2>Kontaktujte n\u00e1s<\/h2>\n<div class=\"row\"  id=\"row-714906461\">\n\n\n\t<div id=\"col-43583110\" class=\"col medium-6 small-12 large-6\"  data-animate=\"flipInY\">\n\t\t\t\t<div class=\"col-inner\"  >\n\t\t\t\n\t\t\t\n\n\t<div class=\"img has-hover x md-x lg-x y md-y lg-y\" id=\"image_608929534\">\n\t\t\t\t\t\t\t\t<div class=\"img-inner dark\" >\n\t\t\t<img width=\"240\" height=\"240\" src=\"https:\/\/www.mzaconsulting.sk\/wp-content\/uploads\/2023\/04\/mail-open-fill.png\" class=\"attachment-large size-large\" alt=\"\" decoding=\"async\" loading=\"lazy\" srcset=\"https:\/\/www.mzaconsulting.sk\/wp-content\/uploads\/2023\/04\/mail-open-fill.png 240w, https:\/\/www.mzaconsulting.sk\/wp-content\/uploads\/2023\/04\/mail-open-fill-150x150.png 150w\" sizes=\"(max-width: 240px) 100vw, 240px\" \/>\t\t\t\t\t\t\n\t\t\t\t\t<\/div>\n\t\t\t\t\t\t\t\t\n<style>\n#image_608929534 {\n  width: 15%;\n}\n@media (min-width:550px) {\n  #image_608929534 {\n    width: 20%;\n  }\n}\n<\/style>\n\t<\/div>\n\t\n\n\t<div id=\"text-2862457301\" class=\"text\">\n\t\t\n\n<h3 class=\"uppercase\">E-mail<\/h3>\n<p>mza.consulting.bn@gmail.com<\/p>\n<p>\n\t\t\n<style>\n#text-2862457301 {\n  font-size: 1rem;\n}\n<\/style>\n\t<\/div>\n\t\n\n\t\t<\/div>\n\t\t\t\t\t<\/div>\n\n\t\n\n\t<div id=\"col-1052675538\" class=\"col medium-6 small-12 large-6\"  data-animate=\"flipInX\">\n\t\t\t\t<div class=\"col-inner\"  >\n\t\t\t\n\t\t\t\n\n\t<div class=\"img has-hover x md-x lg-x y md-y lg-y\" id=\"image_1819846619\">\n\t\t\t\t\t\t\t\t<div class=\"img-inner dark\" >\n\t\t\t<img width=\"240\" height=\"240\" src=\"https:\/\/www.mzaconsulting.sk\/wp-content\/uploads\/2023\/04\/phone-fill.png\" class=\"attachment-large size-large\" alt=\"\" decoding=\"async\" loading=\"lazy\" srcset=\"https:\/\/www.mzaconsulting.sk\/wp-content\/uploads\/2023\/04\/phone-fill.png 240w, https:\/\/www.mzaconsulting.sk\/wp-content\/uploads\/2023\/04\/phone-fill-150x150.png 150w\" sizes=\"(max-width: 240px) 100vw, 240px\" \/>\t\t\t\t\t\t\n\t\t\t\t\t<\/div>\n\t\t\t\t\t\t\t\t\n<style>\n#image_1819846619 {\n  width: 15%;\n}\n@media (min-width:550px) {\n  #image_1819846619 {\n    width: 20%;\n  }\n}\n<\/style>\n\t<\/div>\n\t\n\n\t<div id=\"text-2716768759\" class=\"text\">\n\t\t\n\n<h3 class=\"uppercase\">Telef\u00f3n<\/h3>\n<p>+431&nbsp;918&nbsp;347&nbsp;297<\/p>\n\t\t\n<style>\n#text-2716768759 {\n  font-size: 1rem;\n}\n<\/style>\n\t<\/div>\n\t\n\n\t\t<\/div>\n\t\t\t\t\t<\/div>\n\n\t\n\n\t<div id=\"col-805328244\" class=\"col medium-6 small-12 large-6\"  data-animate=\"flipInX\">\n\t\t\t\t<div class=\"col-inner\"  >\n\t\t\t\n\t\t\t\n\n\t<div class=\"img has-hover x md-x lg-x y md-y lg-y\" id=\"image_1843297646\">\n\t\t\t\t\t\t\t\t<div class=\"img-inner dark\" >\n\t\t\t<img width=\"1\" height=\"1\" src=\"https:\/\/www.mzaconsulting.sk\/wp-content\/uploads\/2023\/04\/file-backup-2-svgrepo-com-1-1.svg\" class=\"attachment-large size-large\" alt=\"\" decoding=\"async\" loading=\"lazy\" \/>\t\t\t\t\t\t\n\t\t\t\t\t<\/div>\n\t\t\t\t\t\t\t\t\n<style>\n#image_1843297646 {\n  width: 15%;\n}\n@media (min-width:550px) {\n  #image_1843297646 {\n    width: 20%;\n  }\n}\n<\/style>\n\t<\/div>\n\t\n\n\t<div id=\"text-3488250156\" class=\"text\">\n\t\t\n\n<h3 class=\"uppercase\"><span style=\"font-size: 100%;\">Faktura\u010dn\u00e9 \u00fadaje<\/span><\/h3>\n<p>MZA consulting s.r.o.<br \/>Holl\u00e9ho 11<br \/>957 01 B\u00e1novce nad Bebravou<br \/>\nI\u010cO: 5026759<br \/>\nDI\u010c: 2120249494<br \/>\nI\u010c DPH: SK2120249494<\/p>\n\t\t\n<style>\n#text-3488250156 {\n  font-size: 1rem;\n}\n<\/style>\n\t<\/div>\n\t\n\n\t\t<\/div>\n\t\t\t\t\t<\/div>\n\n\t\n\n\t<div id=\"col-753578075\" class=\"col medium-6 small-12 large-6\"  data-animate=\"flipInX\">\n\t\t\t\t<div class=\"col-inner\"  >\n\t\t\t\n\t\t\t\n\n\t<div class=\"img has-hover x md-x lg-x y md-y lg-y\" id=\"image_151744834\">\n\t\t\t\t\t\t\t\t<div class=\"img-inner dark\" >\n\t\t\t<img width=\"240\" height=\"240\" src=\"https:\/\/www.mzaconsulting.sk\/wp-content\/uploads\/2023\/04\/map-pin-2-fill-2.png\" class=\"attachment-large size-large\" alt=\"\" decoding=\"async\" loading=\"lazy\" srcset=\"https:\/\/www.mzaconsulting.sk\/wp-content\/uploads\/2023\/04\/map-pin-2-fill-2.png 240w, https:\/\/www.mzaconsulting.sk\/wp-content\/uploads\/2023\/04\/map-pin-2-fill-2-150x150.png 150w\" sizes=\"(max-width: 240px) 100vw, 240px\" \/>\t\t\t\t\t\t\n\t\t\t\t\t<\/div>\n\t\t\t\t\t\t\t\t\n<style>\n#image_151744834 {\n  width: 15%;\n}\n@media (min-width:550px) {\n  #image_151744834 {\n    width: 20%;\n  }\n}\n<\/style>\n\t<\/div>\n\t\n\n\t<div id=\"text-531225635\" class=\"text\">\n\t\t\n\n<h3 class=\"uppercase\">Adresa<\/h3>\n<p> Pr\u00e1vne a&nbsp;ekonomick\u00e9 oddelenie: JUDr. Martin \u017da\u0165ko<br> Tren\u010dianska cesta 603<br>957 01 B\u00e1novce nad Bebravou<\/p>\n\t\t\n<style>\n#text-531225635 {\n  font-size: 1rem;\n}\n<\/style>\n\t<\/div>\n\t\n\n\t\t<\/div>\n\t\t\t\t\t<\/div>\n\n\t\n\n<\/div>\n\n\t\t<\/div>\n\t\t\t\t\n<style>\n#col-1740957583 > .col-inner {\n  padding: 0px 0px 0px 20px;\n}\n<\/style>\n\t<\/div>\n\n\t\n\n<\/div>\n\n\t\t<\/div>\n\n\t\t\n<style>\n#section_348047683 {\n  padding-top: 100px;\n  padding-bottom: 100px;\n  min-height: 100vh;\n  background-color: rgb(255,255,255);\n}\n#section_348047683 .ux-shape-divider--top svg {\n  height: 150px;\n  --divider-top-width: 100%;\n}\n#section_348047683 .ux-shape-divider--bottom svg {\n  height: 150px;\n  --divider-width: 100%;\n}\n<\/style>\n\t<\/section>\n\t\n\n","protected":false},"excerpt":{"rendered":"","protected":false},"author":1,"featured_media":0,"parent":0,"menu_order":0,"comment_status":"closed","ping_status":"closed","template":"","meta":{"_mi_skip_tracking":false},"yoast_head":"<!-- This site is optimized with the Yoast SEO plugin v20.4 - https:\/\/yoast.com\/wordpress\/plugins\/seo\/ -->\n<title>mzaconsulting - mzaconsulting<\/title>\n<meta name=\"robots\" content=\"index, follow, max-snippet:-1, max-image-preview:large, max-video-preview:-1\" \/>\n<link rel=\"canonical\" href=\"https:\/\/www.mzaconsulting.sk\/\" \/>\n<meta property=\"og:locale\" content=\"sk_SK\" \/>\n<meta property=\"og:type\" content=\"article\" \/>\n<meta property=\"og:title\" content=\"mzaconsulting - mzaconsulting\" \/>\n<meta property=\"og:url\" content=\"https:\/\/www.mzaconsulting.sk\/\" \/>\n<meta property=\"og:site_name\" content=\"mzaconsulting\" \/>\n<meta property=\"article:modified_time\" content=\"2024-03-30T12:17:14+00:00\" \/>\n<meta name=\"twitter:card\" content=\"summary_large_image\" \/>\n<meta name=\"twitter:label1\" content=\"Predpokladan\u00fd \u010das \u010d\u00edtania\" \/>\n\t<meta name=\"twitter:data1\" content=\"2 min\u00faty\" \/>\n<script type=\"application\/ld+json\" class=\"yoast-schema-graph\">{\"@context\":\"https:\/\/schema.org\",\"@graph\":[{\"@type\":\"WebPage\",\"@id\":\"https:\/\/www.mzaconsulting.sk\/\",\"url\":\"https:\/\/www.mzaconsulting.sk\/\",\"name\":\"mzaconsulting - mzaconsulting\",\"isPartOf\":{\"@id\":\"https:\/\/www.mzaconsulting.sk\/#website\"},\"datePublished\":\"2023-03-28T10:20:28+00:00\",\"dateModified\":\"2024-03-30T12:17:14+00:00\",\"breadcrumb\":{\"@id\":\"https:\/\/www.mzaconsulting.sk\/#breadcrumb\"},\"inLanguage\":\"sk-SK\",\"potentialAction\":[{\"@type\":\"ReadAction\",\"target\":[\"https:\/\/www.mzaconsulting.sk\/\"]}]},{\"@type\":\"BreadcrumbList\",\"@id\":\"https:\/\/www.mzaconsulting.sk\/#breadcrumb\",\"itemListElement\":[{\"@type\":\"ListItem\",\"position\":1,\"name\":\"Home\",\"item\":\"https:\/\/www.mzaconsulting.sk\/\"},{\"@type\":\"ListItem\",\"position\":2,\"name\":\"mzaconsulting\"}]},{\"@type\":\"WebSite\",\"@id\":\"https:\/\/www.mzaconsulting.sk\/#website\",\"url\":\"https:\/\/www.mzaconsulting.sk\/\",\"name\":\"mzaconsulting\",\"description\":\"\",\"potentialAction\":[{\"@type\":\"SearchAction\",\"target\":{\"@type\":\"EntryPoint\",\"urlTemplate\":\"https:\/\/www.mzaconsulting.sk\/?s={search_term_string}\"},\"query-input\":\"required name=search_term_string\"}],\"inLanguage\":\"sk-SK\"}]}<\/script>\n<!-- \/ Yoast SEO plugin. -->","yoast_head_json":{"title":"mzaconsulting - mzaconsulting","robots":{"index":"index","follow":"follow","max-snippet":"max-snippet:-1","max-image-preview":"max-image-preview:large","max-video-preview":"max-video-preview:-1"},"canonical":"https:\/\/www.mzaconsulting.sk\/","og_locale":"sk_SK","og_type":"article","og_title":"mzaconsulting - mzaconsulting","og_url":"https:\/\/www.mzaconsulting.sk\/","og_site_name":"mzaconsulting","article_modified_time":"2024-03-30T12:17:14+00:00","twitter_card":"summary_large_image","twitter_misc":{"Predpokladan\u00fd \u010das \u010d\u00edtania":"2 min\u00faty"},"schema":{"@context":"https:\/\/schema.org","@graph":[{"@type":"WebPage","@id":"https:\/\/www.mzaconsulting.sk\/","url":"https:\/\/www.mzaconsulting.sk\/","name":"mzaconsulting - mzaconsulting","isPartOf":{"@id":"https:\/\/www.mzaconsulting.sk\/#website"},"datePublished":"2023-03-28T10:20:28+00:00","dateModified":"2024-03-30T12:17:14+00:00","breadcrumb":{"@id":"https:\/\/www.mzaconsulting.sk\/#breadcrumb"},"inLanguage":"sk-SK","potentialAction":[{"@type":"ReadAction","target":["https:\/\/www.mzaconsulting.sk\/"]}]},{"@type":"BreadcrumbList","@id":"https:\/\/www.mzaconsulting.sk\/#breadcrumb","itemListElement":[{"@type":"ListItem","position":1,"name":"Home","item":"https:\/\/www.mzaconsulting.sk\/"},{"@type":"ListItem","position":2,"name":"mzaconsulting"}]},{"@type":"WebSite","@id":"https:\/\/www.mzaconsulting.sk\/#website","url":"https:\/\/www.mzaconsulting.sk\/","name":"mzaconsulting","description":"","potentialAction":[{"@type":"SearchAction","target":{"@type":"EntryPoint","urlTemplate":"https:\/\/www.mzaconsulting.sk\/?s={search_term_string}"},"query-input":"required name=search_term_string"}],"inLanguage":"sk-SK"}]}},"_links":{"self":[{"href":"https:\/\/www.mzaconsulting.sk\/index.php?rest_route=\/wp\/v2\/pages\/8"}],"collection":[{"href":"https:\/\/www.mzaconsulting.sk\/index.php?rest_route=\/wp\/v2\/pages"}],"about":[{"href":"https:\/\/www.mzaconsulting.sk\/index.php?rest_route=\/wp\/v2\/types\/page"}],"author":[{"embeddable":true,"href":"https:\/\/www.mzaconsulting.sk\/index.php?rest_route=\/wp\/v2\/users\/1"}],"replies":[{"embeddable":true,"href":"https:\/\/www.mzaconsulting.sk\/index.php?rest_route=%2Fwp%2Fv2%2Fcomments&post=8"}],"version-history":[{"count":6,"href":"https:\/\/www.mzaconsulting.sk\/index.php?rest_route=\/wp\/v2\/pages\/8\/revisions"}],"predecessor-version":[{"id":143,"href":"https:\/\/www.mzaconsulting.sk\/index.php?rest_route=\/wp\/v2\/pages\/8\/revisions\/143"}],"wp:attachment":[{"href":"https:\/\/www.mzaconsulting.sk\/index.php?rest_route=%2Fwp%2Fv2%2Fmedia&parent=8"}],"curies":[{"name":"wp","href":"https:\/\/api.w.org\/{rel}","templated":true}]}}